{"id":1682,"date":"2022-05-18T15:25:43","date_gmt":"2022-05-18T15:25:43","guid":{"rendered":"https:\/\/www.hotelsuitesferiademadrid.com\/web\/?page_id=1682"},"modified":"2022-05-20T10:13:16","modified_gmt":"2022-05-20T10:13:16","slug":"tarifas-concertadas","status":"publish","type":"page","link":"https:\/\/www.hotelsuitesferiademadrid.com\/web\/tarifas-concertadas\/","title":{"rendered":"Tarifas concertadas"},"content":{"rendered":"<p>[vc_row][vc_column]<div class=\"text-block \" ><div class=\"simple-text \"><ul>\n<li>Es esencial contar con un contrato de empresa firmado con el hotel para poder disfrutar de estas condiciones y tarifas especiales.<\/li>\n<li>Estos acuerdos han de realizarse, contactando con la recepci\u00f3n (<a href=\"https:\/\/www.hotelsuitesferiademadrid.com\/web\/#\">910 575 243<\/a> o al e-mail: <a href=\"mailto:recepcion@hotelsuitesferiademadrid.com\">recepcion@hotelsuitesferiademadrid.com<\/a> ).<\/li>\n<li>Los contratos se realizan con empresas o clientes habituales que tienen expectativas de realizar un determinado n\u00famero de pernoctaciones al a\u00f1o. Mediante este contrato disfrutar\u00e1n de unas condiciones y tarifas especiales.aplicables durante todo el a\u00f1o.<\/li>\n<\/ul>\n<\/div><\/div>[\/vc_column][\/vc_row]<\/p>\n","protected":false},"excerpt":{"rendered":"<p>[vc_row][vc_column][\/vc_column][\/vc_row]<\/p>\n","protected":false},"author":1,"featured_media":0,"parent":0,"menu_order":0,"comment_status":"closed","ping_status":"closed","template":"","meta":{"_monsterinsights_skip_tracking":false,"_monsterinsights_sitenote_active":false,"_monsterinsights_sitenote_note":"","_monsterinsights_sitenote_category":0,"footnotes":""},"class_list":["post-1682","page","type-page","status-publish","hentry"],"_links":{"self":[{"href":"https:\/\/www.hotelsuitesferiademadrid.com\/web\/wp-json\/wp\/v2\/pages\/1682","targetHints":{"allow":["GET"]}}],"collection":[{"href":"https:\/\/www.hotelsuitesferiademadrid.com\/web\/wp-json\/wp\/v2\/pages"}],"about":[{"href":"https:\/\/www.hotelsuitesferiademadrid.com\/web\/wp-json\/wp\/v2\/types\/page"}],"author":[{"embeddable":true,"href":"https:\/\/www.hotelsuitesferiademadrid.com\/web\/wp-json\/wp\/v2\/users\/1"}],"replies":[{"embeddable":true,"href":"https:\/\/www.hotelsuitesferiademadrid.com\/web\/wp-json\/wp\/v2\/comments?post=1682"}],"version-history":[{"count":3,"href":"https:\/\/www.hotelsuitesferiademadrid.com\/web\/wp-json\/wp\/v2\/pages\/1682\/revisions"}],"predecessor-version":[{"id":1700,"href":"https:\/\/www.hotelsuitesferiademadrid.com\/web\/wp-json\/wp\/v2\/pages\/1682\/revisions\/1700"}],"wp:attachment":[{"href":"https:\/\/www.hotelsuitesferiademadrid.com\/web\/wp-json\/wp\/v2\/media?parent=1682"}],"curies":[{"name":"wp","href":"https:\/\/api.w.org\/{rel}","templated":true}]}}