{"id":538,"date":"2018-04-24T15:14:30","date_gmt":"2018-04-24T15:14:30","guid":{"rendered":"http:\/\/themebubble.com\/demo\/hotelluxe\/?page_id=538"},"modified":"2024-01-30T12:53:03","modified_gmt":"2024-01-30T12:53:03","slug":"ventajas-club","status":"publish","type":"page","link":"https:\/\/www.hotelsuitesferiademadrid.com\/web\/ventajas-club\/","title":{"rendered":"Ventajas Club"},"content":{"rendered":"<p>[vc_row full_width=\u00bbstretch_row_content_no_spaces\u00bb css=\u00bb.vc_custom_1651267800816{padding-top: 150px !important;padding-bottom: 150px !important;background-image: url(https:\/\/www.hotelsuitesferiademadrid.com\/web\/wp-content\/uploads\/2022\/04\/ventajas-club-1.jpg?id=1557) !important;background-position: center !important;background-repeat: no-repeat !important;background-size: cover !important;}\u00bb][vc_column]<div  class=\"main-heading\"><span class=\"subtitle\" style=\"font-size:14px;color:rgba(255,255,255,0.79);\">Ventajas Club<\/span><h2 class=\"title\" style=\"font-size:40px;color:#ffffff;\">Premiamos a nuestros clientes desde su primera reserva<\/h2><\/div>[\/vc_column][\/vc_row][vc_row full_width=\u00bbstretch_row_content_no_spaces\u00bb][vc_column]<div  class=\"empty-space  marg-lg-b75 marg-xs-b50\"><\/div>[\/vc_column][\/vc_row][vc_row][vc_column width=\u00bb1\/2&#8243;]<div class=\"text-block \" ><div class=\"simple-text \"><h1>Ventajas CLub<\/h1>\n<\/div><\/div><div  class=\"text-block__signature\"><div class=\"subtitle subtitle--left subtitle--sm\">Premiamos a nuestros clientes desde su primera reserva<\/div><div class=\"title title--left title-color-black title--sm\"><h2>Disfruten desde su primer estancia de las ventajas del club<\/h2><\/div><div class=\"spacing\" style=\"height: 4px\"><\/div><div class=\"text\"><p>Es lo que nos distingue de otros planes de fidelizaci\u00f3n que encontrar\u00e1 en el mercado. Queremos que nuestros clientes disfruten de modo inmediato de las ventajas del club, mientras que otros planes de puntos a canjear se basan en expectativas de futuro no inmediatas y que posiblemente no lleguen a disfrutarse por este motivo.<\/p><\/div><div class=\"spacing\" style=\"height: 15px\"><\/div><\/div>[\/vc_column][vc_column width=\u00bb1\/2&#8243;]<img decoding=\"async\"  class=\"img-responsive  \" src=\"https:\/\/www.hotelsuitesferiademadrid.com\/web\/wp-content\/uploads\/2022\/04\/ventajas-club2-1.jpg\" alt=\"\">[\/vc_column][\/vc_row][vc_row][vc_column]<div  class=\"empty-space  marg-lg-b40\"><\/div>[\/vc_column][\/vc_row][vc_row][vc_column width=\u00bb1\/2&#8243; css=\u00bb.vc_custom_1651268435109{margin-top: 20px !important;}\u00bb]<img decoding=\"async\"  class=\"img-responsive  \" src=\"https:\/\/www.hotelsuitesferiademadrid.com\/web\/wp-content\/uploads\/2022\/04\/ventajas-club3.jpg\" alt=\"\">[\/vc_column][vc_column width=\u00bb1\/2&#8243;]<div  class=\"text-block__signature\"><div class=\"subtitle subtitle--left subtitle--sm\"><\/div><div class=\"title title--left title-color-black title--sm\"><h2><\/h2><\/div><div class=\"spacing\" style=\"height: 4px\"><\/div><div class=\"text\"><p><\/p>\n<table border=\"0\" width=\"100%\" cellspacing=\"0\" cellpadding=\"0\">\n<tbody>\n<tr>\n<td class=\"Estilo111\">Acceso a promociones y ofertas especiales exclusivas.<\/td>\n<\/tr>\n<tr>\n<td class=\"Estilo111\">Prioridad en lista de espera.<\/td>\n<\/tr>\n<tr>\n<td class=\"Estilo111\">Estancia gratis para su acompa\u00f1ante.\u00a0 Si usted reserva habitaci\u00f3n doble de uso individual y al final decide venir acompa\u00f1ado,\u00a0 no pagar\u00e1 suplemento alguno por ello si comparte la habitaci\u00f3n (promoci\u00f3n solo aplicable a alojamiento, no a extras o desayuno).<\/td>\n<\/tr>\n<tr>\n<td class=\"Estilo111\" height=\"20\">Acceso a las mejores tarifas disponibles garantizado.<\/td>\n<\/tr>\n<tr>\n<td class=\"Estilo111\" height=\"20\">Mejor tarifa garantizada.<\/td>\n<\/tr>\n<tr>\n<td class=\"Estilo111\" height=\"20\">Ofertas especiales solo disponibles para miembros del Club.<\/td>\n<\/tr>\n<\/tbody>\n<\/table>\n<p><\/p><\/div><div class=\"spacing\" style=\"height: 15px\"><\/div><\/div>[\/vc_column][\/vc_row][vc_row][vc_column width=\u00bb1\/2&#8243;]<div  class=\"text-block__signature\"><div class=\"subtitle subtitle--left subtitle--sm\"><\/div><div class=\"title title--left title-color-black title--sm\"><h2><\/h2><\/div><div class=\"spacing\" style=\"height: 4px\"><\/div><div class=\"text\"><p><\/p>\n<table border=\"0\" width=\"100%\" cellspacing=\"0\" cellpadding=\"0\">\n<tbody>\n<tr>\n<td class=\"Estilo111\" height=\"20\">Preferencia en asignaci\u00f3n de habitaci\u00f3n preferida\u00a0 (siempre sujeto a disponibilidad hotel)..<\/td>\n<\/tr>\n<tr>\n<td class=\"Estilo111\" height=\"40\">Ventaja de poder reservar v\u00eda p\u00e1gina especial del Club on-line..<\/td>\n<\/tr>\n<tr>\n<td class=\"Estilo111\" height=\"20\">Participaci\u00f3n en promociones y sorteos.<\/td>\n<\/tr>\n<tr>\n<td class=\"Estilo111\" height=\"20\">Acceso a otras ventajas.<\/td>\n<\/tr>\n<tr>\n<td class=\"Estilo111\" height=\"20\">Acceso a p\u00e1gina web exclusiva,\u00a0 donde podr\u00e1 disfrutar de las mejores tarifas aplicables.<\/td>\n<\/tr>\n<tr>\n<td class=\"Estilo111\" height=\"20\">Promociones y descuentos especiales \u00a0para eventos,\u00a0 salas y dem\u00e1s servicios.<\/td>\n<\/tr>\n<\/tbody>\n<\/table>\n<p><\/p><\/div><div class=\"spacing\" style=\"height: 15px\"><\/div><\/div>[\/vc_column][vc_column width=\u00bb1\/2&#8243; css=\u00bb.vc_custom_1651268435109{margin-top: 20px !important;}\u00bb]<img decoding=\"async\"  class=\"img-responsive  \" src=\"https:\/\/www.hotelsuitesferiademadrid.com\/web\/wp-content\/uploads\/2022\/04\/ventajas-club4.png\" alt=\"\">[\/vc_column][\/vc_row]<\/p>\n","protected":false},"excerpt":{"rendered":"<p>[vc_row full_width=\u00bbstretch_row_content_no_spaces\u00bb css=\u00bb.vc_custom_1651267800816{padding-top: 150px !important;padding-bottom: 150px !important;background-image: url(https:\/\/www.hotelsuitesferiademadrid.com\/web\/wp-content\/uploads\/2022\/04\/ventajas-club-1.jpg?id=1557) !important;background-position: center !important;background-repeat: no-repeat !important;background-size: cover !important;}\u00bb][vc_column][\/vc_column][\/vc_row][vc_row full_width=\u00bbstretch_row_content_no_spaces\u00bb][vc_column][\/vc_column][\/vc_row][vc_row][vc_column width=\u00bb1\/2&#8243;][\/vc_column][vc_column width=\u00bb1\/2&#8243;][\/vc_column][\/vc_row][vc_row][vc_column][\/vc_column][\/vc_row][vc_row][vc_column width=\u00bb1\/2&#8243; css=\u00bb.vc_custom_1651268435109{margin-top: 20px !important;}\u00bb][\/vc_column][vc_column width=\u00bb1\/2&#8243;][\/vc_column][\/vc_row][vc_row][vc_column width=\u00bb1\/2&#8243;][\/vc_column][vc_column width=\u00bb1\/2&#8243; css=\u00bb.vc_custom_1651268435109{margin-top: 20px !important;}\u00bb][\/vc_column][\/vc_row]<\/p>\n","protected":false},"author":1,"featured_media":0,"parent":0,"menu_order":0,"comment_status":"closed","ping_status":"closed","template":"","meta":{"_monsterinsights_skip_tracking":false,"_monsterinsights_sitenote_active":false,"_monsterinsights_sitenote_note":"","_monsterinsights_sitenote_category":0,"footnotes":""},"class_list":["post-538","page","type-page","status-publish","hentry"],"_links":{"self":[{"href":"https:\/\/www.hotelsuitesferiademadrid.com\/web\/wp-json\/wp\/v2\/pages\/538","targetHints":{"allow":["GET"]}}],"collection":[{"href":"https:\/\/www.hotelsuitesferiademadrid.com\/web\/wp-json\/wp\/v2\/pages"}],"about":[{"href":"https:\/\/www.hotelsuitesferiademadrid.com\/web\/wp-json\/wp\/v2\/types\/page"}],"author":[{"embeddable":true,"href":"https:\/\/www.hotelsuitesferiademadrid.com\/web\/wp-json\/wp\/v2\/users\/1"}],"replies":[{"embeddable":true,"href":"https:\/\/www.hotelsuitesferiademadrid.com\/web\/wp-json\/wp\/v2\/comments?post=538"}],"version-history":[{"count":32,"href":"https:\/\/www.hotelsuitesferiademadrid.com\/web\/wp-json\/wp\/v2\/pages\/538\/revisions"}],"predecessor-version":[{"id":1759,"href":"https:\/\/www.hotelsuitesferiademadrid.com\/web\/wp-json\/wp\/v2\/pages\/538\/revisions\/1759"}],"wp:attachment":[{"href":"https:\/\/www.hotelsuitesferiademadrid.com\/web\/wp-json\/wp\/v2\/media?parent=538"}],"curies":[{"name":"wp","href":"https:\/\/api.w.org\/{rel}","templated":true}]}}